{"id":617,"date":"2023-12-05T11:38:49","date_gmt":"2023-12-05T10:38:49","guid":{"rendered":"https:\/\/datenbanken.zbmed.de\/?page_id=617"},"modified":"2025-02-20T12:30:23","modified_gmt":"2025-02-20T11:30:23","slug":"disclaimer","status":"publish","type":"page","link":"https:\/\/datenbanken.zbmed.de\/en\/disclaimer\/","title":{"rendered":"Disclaimer"},"content":{"rendered":"<div data-elementor-type=\"wp-page\" data-elementor-id=\"617\" class=\"elementor elementor-617\" data-elementor-post-type=\"page\">\n\t\t\t\t<div class=\"elementor-element elementor-element-bd2e6dc e-flex e-con-boxed e-con e-parent\" data-id=\"bd2e6dc\" data-element_type=\"container\" data-settings=\"{&quot;background_background&quot;:&quot;classic&quot;}\">\n\t\t\t\t\t<div class=\"e-con-inner\">\n\t\t\t\t\t<\/div>\n\t\t\t\t<\/div>\n\t\t<div class=\"elementor-element elementor-element-c01851c e-flex e-con-boxed e-con e-parent\" data-id=\"c01851c\" data-element_type=\"container\">\n\t\t\t\t\t<div class=\"e-con-inner\">\n\t\t\t\t<div class=\"elementor-element elementor-element-e2851e6 elementor-widget elementor-widget-heading\" data-id=\"e2851e6\" data-element_type=\"widget\" data-widget_type=\"heading.default\">\n\t\t\t\t<div class=\"elementor-widget-container\">\n\t\t\t\t\t<h2 class=\"elementor-heading-title elementor-size-default\">Disclaimer<\/h2>\t\t\t\t<\/div>\n\t\t\t\t<\/div>\n\t\t\t\t<div class=\"elementor-element elementor-element-cdd7e01 elementor-widget elementor-widget-text-editor\" data-id=\"cdd7e01\" data-element_type=\"widget\" data-widget_type=\"text-editor.default\">\n\t\t\t\t<div class=\"elementor-widget-container\">\n\t\t\t\t\t\t\t\t\t<p>Die Deutsche Zentralbibliothek f\u00fcr Medizin (ZB MED) &#8211; Informationszentrum Lebenswissenschaften ist als Inhaltsanbieter f\u00fcr die \u201eeigenen Inhalte\u201c, die auf <a class=\"extern\" title=\"Dieser externe Link \u00f6ffnet eine neue Seite in einem neuen Fenster.\" href=\"https:\/\/www.zbmed.de\" target=\"_blank\" rel=\"noopener\" data-cke-saved-href=\"https:\/\/www.zbmed.de\">https:\/\/www.zbmed.de<\/a>,\u00a0<a href=\"https:\/\/blog.zbmed.de\/\" data-cke-saved-href=\"https:\/\/blog.zbmed.de\/\">https:\/\/blog.zbmed.de\/<\/a>,\u00a0<a href=\"https:\/\/datenbanken.zbmed.de\/en\/\" data-cke-saved-href=\"https:\/\/datenbanken.zbmed.de\/\">https:\/\/datenbanken.zbmed.de\/<\/a>,\u00a0<a href=\"https:\/\/darum.zbmed.de\/\" data-cke-saved-href=\"https:\/\/darum.zbmed.de\/\">https:\/\/darum.zbmed.de\/<\/a>,\u00a0<a href=\"https:\/\/jahresbericht.zbmed.de\/jahresbericht\/2023\/\" data-cke-saved-href=\"https:\/\/jahresbericht.zbmed.de\/jahresbericht\/2023\/\">https:\/\/jahresbericht.zbmed.de<\/a>,\u00a0<a class=\"extern\" title=\"Dieser externe Link \u00f6ffnet eine neue Seite in einem neuen Fenster.\" href=\"https:\/\/www.livivo.de\" target=\"_blank\" rel=\"noopener\" data-cke-saved-href=\"https:\/\/www.livivo.de\">https:\/\/www.livivo.de<\/a>, <a class=\"extern\" title=\"Dieser externe Link \u00f6ffnet eine neue Seite in einem neuen Fenster.\" href=\"https:\/\/www.publisso.de\" target=\"_blank\" rel=\"noopener\" data-cke-saved-href=\"https:\/\/www.publisso.de\">https:\/\/www.publisso.de<\/a>, <a class=\"extern\" title=\"Dieser externe Link \u00f6ffnet eine neue Seite in einem neuen Fenster.\" href=\"https:\/\/books.publisso.de\/\" target=\"_blank\" rel=\"noopener\" data-cke-saved-href=\"https:\/\/books.publisso.de\/\">https:\/\/books.publisso.de<\/a>, <a class=\"extern\" title=\"Dieser externe Link \u00f6ffnet eine neue Seite in einem neuen Fenster.\" href=\"https:\/\/repository.publisso.de\/\" target=\"_blank\" rel=\"noopener\" data-cke-saved-href=\"https:\/\/repository.publisso.de\/\">https:\/\/repository.publisso.de<\/a>, zur Nutzung bereitgehalten werden, nach den allgemeinen Gesetzen verantwortlich. Von diesen eigenen Inhalten sind Querverweise (\u201eLinks\u201c) auf die von anderen Anbietern bereitgehaltenen Inhalte zu unterscheiden. Durch den Querverweis h\u00e4lt die Deutsche Zentralbibliothek f\u00fcr Medizin (ZB MED) &#8211; Informationszentrum Lebenswissenschaften insofern \u201efremde Inhalte\u201c zur Nutzung bereit, die durch den Hinweis \u201e[extern]\u201c entsprechend gekennzeichnet sind. Diese fremden Inhalte wurden bei der erstmaligen Link-Setzung daraufhin \u00fcberpr\u00fcft, ob durch sie eine m\u00f6gliche zivilrechtliche oder strafrechtliche Verantwortlichkeit ausgel\u00f6st wird. Es ist jedoch nicht auszuschlie\u00dfen, dass die Inhalte im Nachhinein von den jeweiligen Anbietern ver\u00e4ndert werden. Die Deutsche Zentralbibliothek f\u00fcr Medizin (ZB MED) &#8211; Informationszentrum Lebenswissenschaften \u00fcberpr\u00fcft die Inhalte, auf die sie in ihrem Angebot verweist, nicht st\u00e4ndig auf Ver\u00e4nderungen, die eine Verantwortlichkeit neu begr\u00fcnden k\u00f6nnten. Sollten Sie der Ansicht sein, dass die verlinkten externen Seiten gegen geltendes Recht versto\u00dfen oder sonst unangemessene Inhalte haben, so teilen Sie uns dies bitte mit.<\/p>\t\t\t\t\t\t\t\t<\/div>\n\t\t\t\t<\/div>\n\t\t\t\t\t<\/div>\n\t\t\t\t<\/div>\n\t\t\t\t<\/div>","protected":false},"excerpt":{"rendered":"<p>Disclaimer Die Deutsche Zentralbibliothek f\u00fcr Medizin (ZB MED) &#8211; Informationszentrum Lebenswissenschaften ist als Inhaltsanbieter f\u00fcr die \u201eeigenen Inhalte\u201c, die auf https:\/\/www.zbmed.de,\u00a0https:\/\/blog.zbmed.de\/,\u00a0https:\/\/datenbanken.zbmed.de\/,\u00a0https:\/\/darum.zbmed.de\/,\u00a0https:\/\/jahresbericht.zbmed.de,\u00a0https:\/\/www.livivo.de, https:\/\/www.publisso.de, https:\/\/books.publisso.de, https:\/\/repository.publisso.de, zur Nutzung bereitgehalten werden, nach den allgemeinen Gesetzen verantwortlich. Von diesen eigenen Inhalten sind Querverweise (\u201eLinks\u201c) auf die von anderen Anbietern bereitgehaltenen Inhalte zu unterscheiden. Durch den Querverweis h\u00e4lt die Deutsche [&hellip;]<\/p>","protected":false},"author":1,"featured_media":0,"parent":0,"menu_order":0,"comment_status":"closed","ping_status":"closed","template":"","meta":{"_acf_changed":false,"site-sidebar-layout":"no-sidebar","site-content-layout":"page-builder","ast-site-content-layout":"full-width-container","site-content-style":"default","site-sidebar-style":"default","ast-global-header-display":"","ast-banner-title-visibility":"","ast-main-header-display":"","ast-hfb-above-header-display":"","ast-hfb-below-header-display":"","ast-hfb-mobile-header-display":"","site-post-title":"disabled","ast-breadcrumbs-content":"","ast-featured-img":"disabled","footer-sml-layout":"","theme-transparent-header-meta":"","adv-header-id-meta":"","stick-header-meta":"","header-above-stick-meta":"","header-main-stick-meta":"","header-below-stick-meta":"","astra-migrate-meta-layouts":"set","ast-page-background-enabled":"default","ast-page-background-meta":{"desktop":{"background-color":"var(--ast-global-color-4)","background-image":"","background-repeat":"repeat","background-position":"center center","background-size":"auto","background-attachment":"scroll","background-type":"","background-media":"","overlay-type":"","overlay-color":"","overlay-opacity":"","overlay-gradient":""},"tablet":{"background-color":"","background-image":"","background-repeat":"repeat","background-position":"center center","background-size":"auto","background-attachment":"scroll","background-type":"","background-media":"","overlay-type":"","overlay-color":"","overlay-opacity":"","overlay-gradient":""},"mobile":{"background-color":"","background-image":"","background-repeat":"repeat","background-position":"center center","background-size":"auto","background-attachment":"scroll","background-type":"","background-media":"","overlay-type":"","overlay-color":"","overlay-opacity":"","overlay-gradient":""}},"ast-content-background-meta":{"desktop":{"background-color":"var(--ast-global-color-5)","background-image":"","background-repeat":"repeat","background-position":"center center","background-size":"auto","background-attachment":"scroll","background-type":"","background-media":"","overlay-type":"","overlay-color":"","overlay-opacity":"","overlay-gradient":""},"tablet":{"background-color":"var(--ast-global-color-5)","background-image":"","background-repeat":"repeat","background-position":"center center","background-size":"auto","background-attachment":"scroll","background-type":"","background-media":"","overlay-type":"","overlay-color":"","overlay-opacity":"","overlay-gradient":""},"mobile":{"background-color":"var(--ast-global-color-5)","background-image":"","background-repeat":"repeat","background-position":"center center","background-size":"auto","background-attachment":"scroll","background-type":"","background-media":"","overlay-type":"","overlay-color":"","overlay-opacity":"","overlay-gradient":""}},"footnotes":""},"class_list":["post-617","page","type-page","status-publish","hentry"],"acf":[],"yoast_head":"<!-- This site is optimized with the Yoast SEO plugin v24.4 - https:\/\/yoast.com\/wordpress\/plugins\/seo\/ -->\n<title>Disclaimer - Datenbanken @ ZB MED<\/title>\n<meta name=\"robots\" content=\"index, follow, max-snippet:-1, max-image-preview:large, max-video-preview:-1\" \/>\n<link rel=\"canonical\" href=\"https:\/\/datenbanken.zbmed.de\/en\/disclaimer\/\" \/>\n<meta property=\"og:locale\" content=\"en_US\" \/>\n<meta property=\"og:type\" content=\"article\" \/>\n<meta property=\"og:title\" content=\"Disclaimer - Datenbanken @ ZB MED\" \/>\n<meta property=\"og:description\" content=\"Disclaimer Die Deutsche Zentralbibliothek f\u00fcr Medizin (ZB MED) &#8211; Informationszentrum Lebenswissenschaften ist als Inhaltsanbieter f\u00fcr die \u201eeigenen Inhalte\u201c, die auf https:\/\/www.zbmed.de,\u00a0https:\/\/blog.zbmed.de\/,\u00a0https:\/\/datenbanken.zbmed.de\/,\u00a0https:\/\/darum.zbmed.de\/,\u00a0https:\/\/jahresbericht.zbmed.de,\u00a0https:\/\/www.livivo.de, https:\/\/www.publisso.de, https:\/\/books.publisso.de, https:\/\/repository.publisso.de, zur Nutzung bereitgehalten werden, nach den allgemeinen Gesetzen verantwortlich. Von diesen eigenen Inhalten sind Querverweise (\u201eLinks\u201c) auf die von anderen Anbietern bereitgehaltenen Inhalte zu unterscheiden. Durch den Querverweis h\u00e4lt die Deutsche [&hellip;]\" \/>\n<meta property=\"og:url\" content=\"https:\/\/datenbanken.zbmed.de\/en\/disclaimer\/\" \/>\n<meta property=\"og:site_name\" content=\"Datenbanken @ ZB MED\" \/>\n<meta property=\"article:modified_time\" content=\"2025-02-20T11:30:23+00:00\" \/>\n<meta name=\"twitter:card\" content=\"summary_large_image\" \/>\n<meta name=\"twitter:label1\" content=\"Est. reading time\" \/>\n\t<meta name=\"twitter:data1\" content=\"1 minute\" \/>\n<script type=\"application\/ld+json\" class=\"yoast-schema-graph\">{\"@context\":\"https:\/\/schema.org\",\"@graph\":[{\"@type\":\"WebPage\",\"@id\":\"https:\/\/datenbanken.zbmed.de\/disclaimer\/\",\"url\":\"https:\/\/datenbanken.zbmed.de\/disclaimer\/\",\"name\":\"Disclaimer - Datenbanken @ ZB MED\",\"isPartOf\":{\"@id\":\"https:\/\/datenbanken.zbmed.de\/#website\"},\"datePublished\":\"2023-12-05T10:38:49+00:00\",\"dateModified\":\"2025-02-20T11:30:23+00:00\",\"breadcrumb\":{\"@id\":\"https:\/\/datenbanken.zbmed.de\/disclaimer\/#breadcrumb\"},\"inLanguage\":\"en-US\",\"potentialAction\":[{\"@type\":\"ReadAction\",\"target\":[\"https:\/\/datenbanken.zbmed.de\/disclaimer\/\"]}]},{\"@type\":\"BreadcrumbList\",\"@id\":\"https:\/\/datenbanken.zbmed.de\/disclaimer\/#breadcrumb\",\"itemListElement\":[{\"@type\":\"ListItem\",\"position\":1,\"name\":\"Startseite\",\"item\":\"https:\/\/datenbanken.zbmed.de\/\"},{\"@type\":\"ListItem\",\"position\":2,\"name\":\"Disclaimer\"}]},{\"@type\":\"WebSite\",\"@id\":\"https:\/\/datenbanken.zbmed.de\/#website\",\"url\":\"https:\/\/datenbanken.zbmed.de\/\",\"name\":\"Datenbanken @ ZB MED\",\"description\":\"\",\"potentialAction\":[{\"@type\":\"SearchAction\",\"target\":{\"@type\":\"EntryPoint\",\"urlTemplate\":\"https:\/\/datenbanken.zbmed.de\/?s={search_term_string}\"},\"query-input\":{\"@type\":\"PropertyValueSpecification\",\"valueRequired\":true,\"valueName\":\"search_term_string\"}}],\"inLanguage\":\"en-US\"}]}<\/script>\n<!-- \/ Yoast SEO plugin. -->","yoast_head_json":{"title":"Disclaimer - Datenbanken @ ZB MED","robots":{"index":"index","follow":"follow","max-snippet":"max-snippet:-1","max-image-preview":"max-image-preview:large","max-video-preview":"max-video-preview:-1"},"canonical":"https:\/\/datenbanken.zbmed.de\/en\/disclaimer\/","og_locale":"en_US","og_type":"article","og_title":"Disclaimer - Datenbanken @ ZB MED","og_description":"Disclaimer Die Deutsche Zentralbibliothek f\u00fcr Medizin (ZB MED) &#8211; Informationszentrum Lebenswissenschaften ist als Inhaltsanbieter f\u00fcr die \u201eeigenen Inhalte\u201c, die auf https:\/\/www.zbmed.de,\u00a0https:\/\/blog.zbmed.de\/,\u00a0https:\/\/datenbanken.zbmed.de\/,\u00a0https:\/\/darum.zbmed.de\/,\u00a0https:\/\/jahresbericht.zbmed.de,\u00a0https:\/\/www.livivo.de, https:\/\/www.publisso.de, https:\/\/books.publisso.de, https:\/\/repository.publisso.de, zur Nutzung bereitgehalten werden, nach den allgemeinen Gesetzen verantwortlich. Von diesen eigenen Inhalten sind Querverweise (\u201eLinks\u201c) auf die von anderen Anbietern bereitgehaltenen Inhalte zu unterscheiden. Durch den Querverweis h\u00e4lt die Deutsche [&hellip;]","og_url":"https:\/\/datenbanken.zbmed.de\/en\/disclaimer\/","og_site_name":"Datenbanken @ ZB MED","article_modified_time":"2025-02-20T11:30:23+00:00","twitter_card":"summary_large_image","twitter_misc":{"Est. reading time":"1 minute"},"schema":{"@context":"https:\/\/schema.org","@graph":[{"@type":"WebPage","@id":"https:\/\/datenbanken.zbmed.de\/disclaimer\/","url":"https:\/\/datenbanken.zbmed.de\/disclaimer\/","name":"Disclaimer - Datenbanken @ ZB MED","isPartOf":{"@id":"https:\/\/datenbanken.zbmed.de\/#website"},"datePublished":"2023-12-05T10:38:49+00:00","dateModified":"2025-02-20T11:30:23+00:00","breadcrumb":{"@id":"https:\/\/datenbanken.zbmed.de\/disclaimer\/#breadcrumb"},"inLanguage":"en-US","potentialAction":[{"@type":"ReadAction","target":["https:\/\/datenbanken.zbmed.de\/disclaimer\/"]}]},{"@type":"BreadcrumbList","@id":"https:\/\/datenbanken.zbmed.de\/disclaimer\/#breadcrumb","itemListElement":[{"@type":"ListItem","position":1,"name":"Startseite","item":"https:\/\/datenbanken.zbmed.de\/"},{"@type":"ListItem","position":2,"name":"Disclaimer"}]},{"@type":"WebSite","@id":"https:\/\/datenbanken.zbmed.de\/#website","url":"https:\/\/datenbanken.zbmed.de\/","name":"Datenbanken @ ZB MED","description":"","potentialAction":[{"@type":"SearchAction","target":{"@type":"EntryPoint","urlTemplate":"https:\/\/datenbanken.zbmed.de\/?s={search_term_string}"},"query-input":{"@type":"PropertyValueSpecification","valueRequired":true,"valueName":"search_term_string"}}],"inLanguage":"en-US"}]}},"_links":{"self":[{"href":"https:\/\/datenbanken.zbmed.de\/en\/wp-json\/wp\/v2\/pages\/617","targetHints":{"allow":["GET"]}}],"collection":[{"href":"https:\/\/datenbanken.zbmed.de\/en\/wp-json\/wp\/v2\/pages"}],"about":[{"href":"https:\/\/datenbanken.zbmed.de\/en\/wp-json\/wp\/v2\/types\/page"}],"author":[{"embeddable":true,"href":"https:\/\/datenbanken.zbmed.de\/en\/wp-json\/wp\/v2\/users\/1"}],"replies":[{"embeddable":true,"href":"https:\/\/datenbanken.zbmed.de\/en\/wp-json\/wp\/v2\/comments?post=617"}],"version-history":[{"count":16,"href":"https:\/\/datenbanken.zbmed.de\/en\/wp-json\/wp\/v2\/pages\/617\/revisions"}],"predecessor-version":[{"id":1096,"href":"https:\/\/datenbanken.zbmed.de\/en\/wp-json\/wp\/v2\/pages\/617\/revisions\/1096"}],"wp:attachment":[{"href":"https:\/\/datenbanken.zbmed.de\/en\/wp-json\/wp\/v2\/media?parent=617"}],"curies":[{"name":"wp","href":"https:\/\/api.w.org\/{rel}","templated":true}]}}