{"id":621,"date":"2023-12-05T11:39:21","date_gmt":"2023-12-05T10:39:21","guid":{"rendered":"https:\/\/datenbanken.zbmed.de\/?page_id=621"},"modified":"2025-12-08T11:36:06","modified_gmt":"2025-12-08T10:36:06","slug":"barrierefreiheit","status":"publish","type":"page","link":"https:\/\/datenbanken.zbmed.de\/en\/barrierefreiheit\/","title":{"rendered":"Accessibility"},"content":{"rendered":"<div data-elementor-type=\"wp-page\" data-elementor-id=\"621\" class=\"elementor elementor-621\" data-elementor-post-type=\"page\">\n\t\t\t\t<div class=\"elementor-element elementor-element-d58400d e-flex e-con-boxed e-con e-parent\" data-id=\"d58400d\" data-element_type=\"container\" data-settings=\"{&quot;background_background&quot;:&quot;classic&quot;}\">\n\t\t\t\t\t<div class=\"e-con-inner\">\n\t\t\t\t\t<\/div>\n\t\t\t\t<\/div>\n\t\t<div class=\"elementor-element elementor-element-00b4af2 e-flex e-con-boxed e-con e-parent\" data-id=\"00b4af2\" data-element_type=\"container\">\n\t\t\t\t\t<div class=\"e-con-inner\">\n\t\t\t\t<div class=\"elementor-element elementor-element-a21faaf elementor-widget elementor-widget-heading\" data-id=\"a21faaf\" data-element_type=\"widget\" data-widget_type=\"heading.default\">\n\t\t\t\t<div class=\"elementor-widget-container\">\n\t\t\t\t\t<h2 class=\"elementor-heading-title elementor-size-default\">Accessibility<\/h2>\t\t\t\t<\/div>\n\t\t\t\t<\/div>\n\t\t\t\t<div class=\"elementor-element elementor-element-cff6578 elementor-widget elementor-widget-text-editor\" data-id=\"cff6578\" data-element_type=\"widget\" data-widget_type=\"text-editor.default\">\n\t\t\t\t<div class=\"elementor-widget-container\">\n\t\t\t\t\t\t\t\t\t<p><b>Erkl\u00e4rung zur Barrierefreiheit<\/b><\/p><p>ZB MED \u2013 Informationszentrum Lebenswissenschaften ist bestrebt, seine Websites entsprechend den EU-Richtlinien 2016\/2102 barrierefrei zug\u00e4nglich zu machen. Die folgende Erkl\u00e4rung zur Barrierefreiheit dokumentiert den Umsetzungsstand f\u00fcr den Webauftritte datenbanken.zbmed.de gem\u00e4\u00df der Verordnung zur Schaffung barrierefreier Informationstechnik nach dem Behindertengleichstellungsgesetzt Nordrhein-Westfalen.<\/p><p><b>Stand der Vereinbarkeit mit den Anforderungen<\/b><\/p><p>Der oben aufgef\u00fchrte Webauftritt ist weitestgehend barrierefrei. Er ist \u00fcberwiegend mit den technischen Anforderungen gem\u00e4\u00df der Verordnung BITV 2.0 vereinbar.<\/p><p>Die Erkl\u00e4rung basiert auf einer vorgenommenen Selbstbewertung.<\/p><p>Nicht barrierefreie Inhalte:<\/p><p>Hierbei handelt es sich um einen im Mai 2025 neu aufgesetzten Webauftritt, der nach BITV 2.0 die Zug\u00e4nglichkeit der Webseite ber\u00fccksichtigt. Nicht komplett barrierefrei Inhalte und die essenzielle Informationen, die f\u00fcr die Bedienbarkeit der Webseite entscheidend sind, konnten bisher nicht ermittelt werden.<\/p><p><b>Feedback und Kontakt<\/b><\/p><p>Ihnen sind M\u00e4ngel beim barrierefreien Zugang zu Inhalten dieser Website\u00a0aufgefallen? Setzen Sie sich mit uns in Kontakt!<\/p><p><b>Kontakt:<\/b><\/p><p>Vertrauensperson der schwerbehinderten Menschen<br \/><a href=\"mailto:sbv@zbmed.de\">sbv@zbmed.de<\/a><\/p><p><b>Durchsetzungsverfahren<\/b><\/p><p>Wir bem\u00fchen uns, Ihre Anfragen innerhalb einer angemessenen Frist zu beantworten.<\/p><p>Sollten Sie auf Ihre Anfrage zur Barrierefreiheit dennoch keine oder eine unzureichende Antwort erhalten haben, k\u00f6nnen Sie die Ombudsstelle f\u00fcr barrierefreie Informationstechnik des Landes Nordrhein-Westfalen einschalten. Sie ist der Beauftragten der Landesregierung f\u00fcr Menschen mit Behinderung in Nordrhein-Westfalen zugeordnet. Senden Sie eine Mail an\u00a0<a href=\"mailto:ombudsstelle-barrierefrei-it@mags.nrw.de\">ombudsstelle-barrierefrei-it@mags.nrw.de<\/a>.<\/p><p><b>Erstellung dieser Erkl\u00e4rung zur Barrierefreiheit<\/b><\/p><p>Diese Erkl\u00e4rung wurde erstellt am: 20.05.2025<\/p><p>Die Erkl\u00e4rung wurde zuletzt \u00fcberpr\u00fcft am: 20.05.2025<\/p><p><b>Weiterf\u00fchrende Links:<\/b><\/p><ul><li><a href=\"https:\/\/recht.nrw.de\/lmi\/owa\/br_text_anzeigen?v_id=10000000000000000724\">Verordnung zur Schaffung barrierefreier Informationstechnik nach dem Behindertengleichstellungsgesetzt Nordrhein-Westfalen.<\/a><\/li><li><a href=\"https:\/\/www.gesetze-im-internet.de\/bitv_2_0\/BJNR184300011.html\">Barrierefreie-Informationstechnik-Verordnung \u2013 BITV 2.0<\/a><\/li><li><a href=\"https:\/\/www.mags.nrw\/ombudsstelle-barrierefreie-informationstechnik\">Informationen zur Ombudsstelle<\/a><\/li><\/ul>\t\t\t\t\t\t\t\t<\/div>\n\t\t\t\t<\/div>\n\t\t\t\t\t<\/div>\n\t\t\t\t<\/div>\n\t\t\t\t<\/div>","protected":false},"excerpt":{"rendered":"<p>Barrierefreiheit Erkl\u00e4rung zur Barrierefreiheit ZB MED \u2013 Informationszentrum Lebenswissenschaften ist bestrebt, seine Websites entsprechend den EU-Richtlinien 2016\/2102 barrierefrei zug\u00e4nglich zu machen. Die folgende Erkl\u00e4rung zur Barrierefreiheit dokumentiert den Umsetzungsstand f\u00fcr den Webauftritte datenbanken.zbmed.de gem\u00e4\u00df der Verordnung zur Schaffung barrierefreier Informationstechnik nach dem Behindertengleichstellungsgesetzt Nordrhein-Westfalen. Stand der Vereinbarkeit mit den Anforderungen Der oben aufgef\u00fchrte Webauftritt ist [&hellip;]<\/p>","protected":false},"author":1,"featured_media":0,"parent":0,"menu_order":0,"comment_status":"closed","ping_status":"closed","template":"","meta":{"_acf_changed":false,"site-sidebar-layout":"no-sidebar","site-content-layout":"page-builder","ast-site-content-layout":"full-width-container","site-content-style":"default","site-sidebar-style":"default","ast-global-header-display":"","ast-banner-title-visibility":"","ast-main-header-display":"","ast-hfb-above-header-display":"","ast-hfb-below-header-display":"","ast-hfb-mobile-header-display":"","site-post-title":"disabled","ast-breadcrumbs-content":"","ast-featured-img":"disabled","footer-sml-layout":"","theme-transparent-header-meta":"","adv-header-id-meta":"","stick-header-meta":"","header-above-stick-meta":"","header-main-stick-meta":"","header-below-stick-meta":"","astra-migrate-meta-layouts":"set","ast-page-background-enabled":"default","ast-page-background-meta":{"desktop":{"background-color":"var(--ast-global-color-4)","background-image":"","background-repeat":"repeat","background-position":"center center","background-size":"auto","background-attachment":"scroll","background-type":"","background-media":"","overlay-type":"","overlay-color":"","overlay-opacity":"","overlay-gradient":""},"tablet":{"background-color":"","background-image":"","background-repeat":"repeat","background-position":"center center","background-size":"auto","background-attachment":"scroll","background-type":"","background-media":"","overlay-type":"","overlay-color":"","overlay-opacity":"","overlay-gradient":""},"mobile":{"background-color":"","background-image":"","background-repeat":"repeat","background-position":"center center","background-size":"auto","background-attachment":"scroll","background-type":"","background-media":"","overlay-type":"","overlay-color":"","overlay-opacity":"","overlay-gradient":""}},"ast-content-background-meta":{"desktop":{"background-color":"var(--ast-global-color-5)","background-image":"","background-repeat":"repeat","background-position":"center center","background-size":"auto","background-attachment":"scroll","background-type":"","background-media":"","overlay-type":"","overlay-color":"","overlay-opacity":"","overlay-gradient":""},"tablet":{"background-color":"var(--ast-global-color-5)","background-image":"","background-repeat":"repeat","background-position":"center center","background-size":"auto","background-attachment":"scroll","background-type":"","background-media":"","overlay-type":"","overlay-color":"","overlay-opacity":"","overlay-gradient":""},"mobile":{"background-color":"var(--ast-global-color-5)","background-image":"","background-repeat":"repeat","background-position":"center center","background-size":"auto","background-attachment":"scroll","background-type":"","background-media":"","overlay-type":"","overlay-color":"","overlay-opacity":"","overlay-gradient":""}},"footnotes":""},"class_list":["post-621","page","type-page","status-publish","hentry"],"acf":[],"yoast_head":"<!-- This site is optimized with the Yoast SEO plugin v24.4 - https:\/\/yoast.com\/wordpress\/plugins\/seo\/ -->\n<title>Barrierefreiheit - Datenbanken @ ZB MED<\/title>\n<meta name=\"robots\" content=\"index, follow, max-snippet:-1, max-image-preview:large, max-video-preview:-1\" \/>\n<link rel=\"canonical\" href=\"https:\/\/datenbanken.zbmed.de\/en\/barrierefreiheit\/\" \/>\n<meta property=\"og:locale\" content=\"en_US\" \/>\n<meta property=\"og:type\" content=\"article\" \/>\n<meta property=\"og:title\" content=\"Barrierefreiheit - Datenbanken @ ZB MED\" \/>\n<meta property=\"og:description\" content=\"Barrierefreiheit Erkl\u00e4rung zur Barrierefreiheit ZB MED \u2013 Informationszentrum Lebenswissenschaften ist bestrebt, seine Websites entsprechend den EU-Richtlinien 2016\/2102 barrierefrei zug\u00e4nglich zu machen. Die folgende Erkl\u00e4rung zur Barrierefreiheit dokumentiert den Umsetzungsstand f\u00fcr den Webauftritte datenbanken.zbmed.de gem\u00e4\u00df der Verordnung zur Schaffung barrierefreier Informationstechnik nach dem Behindertengleichstellungsgesetzt Nordrhein-Westfalen. Stand der Vereinbarkeit mit den Anforderungen Der oben aufgef\u00fchrte Webauftritt ist [&hellip;]\" \/>\n<meta property=\"og:url\" content=\"https:\/\/datenbanken.zbmed.de\/en\/barrierefreiheit\/\" \/>\n<meta property=\"og:site_name\" content=\"Datenbanken @ ZB MED\" \/>\n<meta property=\"article:modified_time\" content=\"2025-12-08T10:36:06+00:00\" \/>\n<meta name=\"twitter:card\" content=\"summary_large_image\" \/>\n<script type=\"application\/ld+json\" class=\"yoast-schema-graph\">{\"@context\":\"https:\/\/schema.org\",\"@graph\":[{\"@type\":\"WebPage\",\"@id\":\"https:\/\/datenbanken.zbmed.de\/barrierefreiheit\/\",\"url\":\"https:\/\/datenbanken.zbmed.de\/barrierefreiheit\/\",\"name\":\"Barrierefreiheit - Datenbanken @ ZB MED\",\"isPartOf\":{\"@id\":\"https:\/\/datenbanken.zbmed.de\/#website\"},\"datePublished\":\"2023-12-05T10:39:21+00:00\",\"dateModified\":\"2025-12-08T10:36:06+00:00\",\"breadcrumb\":{\"@id\":\"https:\/\/datenbanken.zbmed.de\/barrierefreiheit\/#breadcrumb\"},\"inLanguage\":\"en-US\",\"potentialAction\":[{\"@type\":\"ReadAction\",\"target\":[\"https:\/\/datenbanken.zbmed.de\/barrierefreiheit\/\"]}]},{\"@type\":\"BreadcrumbList\",\"@id\":\"https:\/\/datenbanken.zbmed.de\/barrierefreiheit\/#breadcrumb\",\"itemListElement\":[{\"@type\":\"ListItem\",\"position\":1,\"name\":\"Startseite\",\"item\":\"https:\/\/datenbanken.zbmed.de\/\"},{\"@type\":\"ListItem\",\"position\":2,\"name\":\"Barrierefreiheit\"}]},{\"@type\":\"WebSite\",\"@id\":\"https:\/\/datenbanken.zbmed.de\/#website\",\"url\":\"https:\/\/datenbanken.zbmed.de\/\",\"name\":\"Datenbanken @ ZB MED\",\"description\":\"\",\"potentialAction\":[{\"@type\":\"SearchAction\",\"target\":{\"@type\":\"EntryPoint\",\"urlTemplate\":\"https:\/\/datenbanken.zbmed.de\/?s={search_term_string}\"},\"query-input\":{\"@type\":\"PropertyValueSpecification\",\"valueRequired\":true,\"valueName\":\"search_term_string\"}}],\"inLanguage\":\"en-US\"}]}<\/script>\n<!-- \/ Yoast SEO plugin. -->","yoast_head_json":{"title":"Barrierefreiheit - Datenbanken @ ZB MED","robots":{"index":"index","follow":"follow","max-snippet":"max-snippet:-1","max-image-preview":"max-image-preview:large","max-video-preview":"max-video-preview:-1"},"canonical":"https:\/\/datenbanken.zbmed.de\/en\/barrierefreiheit\/","og_locale":"en_US","og_type":"article","og_title":"Barrierefreiheit - Datenbanken @ ZB MED","og_description":"Barrierefreiheit Erkl\u00e4rung zur Barrierefreiheit ZB MED \u2013 Informationszentrum Lebenswissenschaften ist bestrebt, seine Websites entsprechend den EU-Richtlinien 2016\/2102 barrierefrei zug\u00e4nglich zu machen. Die folgende Erkl\u00e4rung zur Barrierefreiheit dokumentiert den Umsetzungsstand f\u00fcr den Webauftritte datenbanken.zbmed.de gem\u00e4\u00df der Verordnung zur Schaffung barrierefreier Informationstechnik nach dem Behindertengleichstellungsgesetzt Nordrhein-Westfalen. Stand der Vereinbarkeit mit den Anforderungen Der oben aufgef\u00fchrte Webauftritt ist [&hellip;]","og_url":"https:\/\/datenbanken.zbmed.de\/en\/barrierefreiheit\/","og_site_name":"Datenbanken @ ZB MED","article_modified_time":"2025-12-08T10:36:06+00:00","twitter_card":"summary_large_image","schema":{"@context":"https:\/\/schema.org","@graph":[{"@type":"WebPage","@id":"https:\/\/datenbanken.zbmed.de\/barrierefreiheit\/","url":"https:\/\/datenbanken.zbmed.de\/barrierefreiheit\/","name":"Barrierefreiheit - Datenbanken @ ZB MED","isPartOf":{"@id":"https:\/\/datenbanken.zbmed.de\/#website"},"datePublished":"2023-12-05T10:39:21+00:00","dateModified":"2025-12-08T10:36:06+00:00","breadcrumb":{"@id":"https:\/\/datenbanken.zbmed.de\/barrierefreiheit\/#breadcrumb"},"inLanguage":"en-US","potentialAction":[{"@type":"ReadAction","target":["https:\/\/datenbanken.zbmed.de\/barrierefreiheit\/"]}]},{"@type":"BreadcrumbList","@id":"https:\/\/datenbanken.zbmed.de\/barrierefreiheit\/#breadcrumb","itemListElement":[{"@type":"ListItem","position":1,"name":"Startseite","item":"https:\/\/datenbanken.zbmed.de\/"},{"@type":"ListItem","position":2,"name":"Barrierefreiheit"}]},{"@type":"WebSite","@id":"https:\/\/datenbanken.zbmed.de\/#website","url":"https:\/\/datenbanken.zbmed.de\/","name":"Datenbanken @ ZB MED","description":"","potentialAction":[{"@type":"SearchAction","target":{"@type":"EntryPoint","urlTemplate":"https:\/\/datenbanken.zbmed.de\/?s={search_term_string}"},"query-input":{"@type":"PropertyValueSpecification","valueRequired":true,"valueName":"search_term_string"}}],"inLanguage":"en-US"}]}},"_links":{"self":[{"href":"https:\/\/datenbanken.zbmed.de\/en\/wp-json\/wp\/v2\/pages\/621","targetHints":{"allow":["GET"]}}],"collection":[{"href":"https:\/\/datenbanken.zbmed.de\/en\/wp-json\/wp\/v2\/pages"}],"about":[{"href":"https:\/\/datenbanken.zbmed.de\/en\/wp-json\/wp\/v2\/types\/page"}],"author":[{"embeddable":true,"href":"https:\/\/datenbanken.zbmed.de\/en\/wp-json\/wp\/v2\/users\/1"}],"replies":[{"embeddable":true,"href":"https:\/\/datenbanken.zbmed.de\/en\/wp-json\/wp\/v2\/comments?post=621"}],"version-history":[{"count":19,"href":"https:\/\/datenbanken.zbmed.de\/en\/wp-json\/wp\/v2\/pages\/621\/revisions"}],"predecessor-version":[{"id":1230,"href":"https:\/\/datenbanken.zbmed.de\/en\/wp-json\/wp\/v2\/pages\/621\/revisions\/1230"}],"wp:attachment":[{"href":"https:\/\/datenbanken.zbmed.de\/en\/wp-json\/wp\/v2\/media?parent=621"}],"curies":[{"name":"wp","href":"https:\/\/api.w.org\/{rel}","templated":true}]}}